{"id":2253,"date":"2022-10-24T15:33:29","date_gmt":"2022-10-24T15:33:29","guid":{"rendered":"http:\/\/back2basics.web.ua.pt\/?page_id=2253"},"modified":"2023-02-21T18:58:27","modified_gmt":"2023-02-21T18:58:27","slug":"bioliving","status":"publish","type":"page","link":"https:\/\/back2basics.web.ua.pt\/?page_id=2253","title":{"rendered":"Bioliving"},"content":{"rendered":"\t\t<div data-elementor-type=\"wp-page\" data-elementor-id=\"2253\" class=\"elementor elementor-2253\">\n\t\t\t\t\t\t<section class=\"elementor-section elementor-top-section elementor-element elementor-element-2ac24ca4 elementor-section-full_width elementor-section-height-min-height elementor-section-stretched elementor-section-height-default elementor-section-items-middle\" data-id=\"2ac24ca4\" data-element_type=\"section\" data-e-type=\"section\" data-settings=\"{&quot;background_background&quot;:&quot;classic&quot;,&quot;stretch_section&quot;:&quot;section-stretched&quot;}\">\n\t\t\t\t\t\t<div class=\"elementor-container elementor-column-gap-no\">\n\t\t\t\t\t<div class=\"elementor-column elementor-col-100 elementor-top-column elementor-element elementor-element-20524651\" data-id=\"20524651\" data-element_type=\"column\" data-e-type=\"column\" data-settings=\"{&quot;background_background&quot;:&quot;classic&quot;}\">\n\t\t\t<div class=\"elementor-widget-wrap\">\n\t\t\t\t\t\t\t<\/div>\n\t\t<\/div>\n\t\t\t\t\t<\/div>\n\t\t<\/section>\n\t\t\t\t<section class=\"elementor-section elementor-top-section elementor-element elementor-element-3f688d54 elementor-section-boxed elementor-section-height-default elementor-section-height-default\" data-id=\"3f688d54\" data-element_type=\"section\" data-e-type=\"section\" data-settings=\"{&quot;background_background&quot;:&quot;classic&quot;}\">\n\t\t\t\t\t\t<div class=\"elementor-container elementor-column-gap-no\">\n\t\t\t\t\t<div class=\"elementor-column elementor-col-33 elementor-top-column elementor-element elementor-element-452217c5\" data-id=\"452217c5\" data-element_type=\"column\" data-e-type=\"column\">\n\t\t\t<div class=\"elementor-widget-wrap\">\n\t\t\t\t\t\t\t<\/div>\n\t\t<\/div>\n\t\t\t\t<div class=\"elementor-column elementor-col-33 elementor-top-column elementor-element elementor-element-56b2844c\" data-id=\"56b2844c\" data-element_type=\"column\" data-e-type=\"column\">\n\t\t\t<div class=\"elementor-widget-wrap elementor-element-populated\">\n\t\t\t\t\t\t<div class=\"elementor-element elementor-element-51af43b7 elementor-widget elementor-widget-heading\" data-id=\"51af43b7\" data-element_type=\"widget\" data-e-type=\"widget\" data-widget_type=\"heading.default\">\n\t\t\t\t<div class=\"elementor-widget-container\">\n\t\t\t\t\t<h2 class=\"elementor-heading-title elementor-size-default\">Associa\u00e7\u00e3o Bioliving<\/h2>\t\t\t\t<\/div>\n\t\t\t\t<\/div>\n\t\t\t\t\t<\/div>\n\t\t<\/div>\n\t\t\t\t<div class=\"elementor-column elementor-col-33 elementor-top-column elementor-element elementor-element-1b36effc\" data-id=\"1b36effc\" data-element_type=\"column\" data-e-type=\"column\">\n\t\t\t<div class=\"elementor-widget-wrap\">\n\t\t\t\t\t\t\t<\/div>\n\t\t<\/div>\n\t\t\t\t\t<\/div>\n\t\t<\/section>\n\t\t\t\t<section class=\"elementor-section elementor-top-section elementor-element elementor-element-20cbce1b elementor-section-boxed elementor-section-height-default elementor-section-height-default\" data-id=\"20cbce1b\" data-element_type=\"section\" data-e-type=\"section\" data-settings=\"{&quot;background_background&quot;:&quot;classic&quot;}\">\n\t\t\t\t\t\t<div class=\"elementor-container elementor-column-gap-no\">\n\t\t\t\t\t<div class=\"elementor-column elementor-col-33 elementor-top-column elementor-element elementor-element-336451a0\" data-id=\"336451a0\" data-element_type=\"column\" data-e-type=\"column\">\n\t\t\t<div class=\"elementor-widget-wrap\">\n\t\t\t\t\t\t\t<\/div>\n\t\t<\/div>\n\t\t\t\t<div class=\"elementor-column elementor-col-33 elementor-top-column elementor-element elementor-element-69592c79\" data-id=\"69592c79\" data-element_type=\"column\" data-e-type=\"column\">\n\t\t\t<div class=\"elementor-widget-wrap elementor-element-populated\">\n\t\t\t\t\t\t<div class=\"elementor-element elementor-element-3a69de37 elementor-widget__width-initial elementor-widget elementor-widget-image\" data-id=\"3a69de37\" data-element_type=\"widget\" data-e-type=\"widget\" data-widget_type=\"image.default\">\n\t\t\t\t<div class=\"elementor-widget-container\">\n\t\t\t\t\t\t\t\t\t\t\t\t\t\t\t<img fetchpriority=\"high\" decoding=\"async\" width=\"940\" height=\"940\" src=\"https:\/\/back2basics.web.ua.pt\/wp-content\/uploads\/2022\/07\/logotipo-BioLIVING.png\" class=\"attachment-full size-full wp-image-1321\" alt=\"\" srcset=\"https:\/\/back2basics.web.ua.pt\/wp-content\/uploads\/2022\/07\/logotipo-BioLIVING.png 940w, https:\/\/back2basics.web.ua.pt\/wp-content\/uploads\/2022\/07\/logotipo-BioLIVING-300x300.png 300w, https:\/\/back2basics.web.ua.pt\/wp-content\/uploads\/2022\/07\/logotipo-BioLIVING-150x150.png 150w, https:\/\/back2basics.web.ua.pt\/wp-content\/uploads\/2022\/07\/logotipo-BioLIVING-768x768.png 768w\" sizes=\"(max-width: 940px) 100vw, 940px\" \/>\t\t\t\t\t\t\t\t\t\t\t\t\t\t\t<\/div>\n\t\t\t\t<\/div>\n\t\t\t\t<div class=\"elementor-element elementor-element-3c19617a elementor-widget elementor-widget-text-editor\" data-id=\"3c19617a\" data-element_type=\"widget\" data-e-type=\"widget\" data-widget_type=\"text-editor.default\">\n\t\t\t\t<div class=\"elementor-widget-container\">\n\t\t\t\t\t\t\t\t\t<p>Associa\u00e7\u00e3o BioLiving is an award-winning non-profit NGO and its motto is &#8220;Nature and Education for All&#8221;. Its objectives are, among others, the promotion of sustainability through the engagement in environmental citizenship and public participation for the protection of nature while boosting the social economy and fostering inclusion, peace and solidarity, using education, natural resources and nature conservation. BioLiving also provides services such as monitoring and scientific consultancy in the fields of forestry, biodiversity and environmental education, essentially demonstrating that nature belongs to everyone and to all.<\/p><p>The association was brought to life by a group of people with diverse backgrounds and professional experience but with a common goal: providing a support system to civic action towards environmental and social protection.<\/p>\t\t\t\t\t\t\t\t<\/div>\n\t\t\t\t<\/div>\n\t\t\t\t<div class=\"elementor-element elementor-element-4779b24b elementor-widget elementor-widget-button\" data-id=\"4779b24b\" data-element_type=\"widget\" data-e-type=\"widget\" data-widget_type=\"button.default\">\n\t\t\t\t<div class=\"elementor-widget-container\">\n\t\t\t\t\t\t\t\t\t<div class=\"elementor-button-wrapper\">\n\t\t\t\t\t<a class=\"elementor-button elementor-button-link elementor-size-sm\" href=\"https:\/\/www.bioliving.pt\" target=\"_blank\">\n\t\t\t\t\t\t<span class=\"elementor-button-content-wrapper\">\n\t\t\t\t\t\t\t\t\t<span class=\"elementor-button-text\">Institutional website<\/span>\n\t\t\t\t\t<\/span>\n\t\t\t\t\t<\/a>\n\t\t\t\t<\/div>\n\t\t\t\t\t\t\t\t<\/div>\n\t\t\t\t<\/div>\n\t\t\t\t<div class=\"elementor-element elementor-element-28c70fbc elementor-widget elementor-widget-spacer\" data-id=\"28c70fbc\" data-element_type=\"widget\" data-e-type=\"widget\" data-widget_type=\"spacer.default\">\n\t\t\t\t<div class=\"elementor-widget-container\">\n\t\t\t\t\t\t\t<div class=\"elementor-spacer\">\n\t\t\t<div class=\"elementor-spacer-inner\"><\/div>\n\t\t<\/div>\n\t\t\t\t\t\t<\/div>\n\t\t\t\t<\/div>\n\t\t\t\t<div class=\"elementor-element elementor-element-db30205 elementor-widget elementor-widget-heading\" data-id=\"db30205\" data-element_type=\"widget\" data-e-type=\"widget\" data-widget_type=\"heading.default\">\n\t\t\t\t<div class=\"elementor-widget-container\">\n\t\t\t\t\t<h3 class=\"elementor-heading-title elementor-size-default\">Researchers<\/h3>\t\t\t\t<\/div>\n\t\t\t\t<\/div>\n\t\t\t\t<section class=\"elementor-section elementor-inner-section elementor-element elementor-element-ff95fbf elementor-section-boxed elementor-section-height-default elementor-section-height-default\" data-id=\"ff95fbf\" data-element_type=\"section\" data-e-type=\"section\">\n\t\t\t\t\t\t<div class=\"elementor-container elementor-column-gap-default\">\n\t\t\t\t\t<div class=\"elementor-column elementor-col-33 elementor-inner-column elementor-element elementor-element-dd78c47\" data-id=\"dd78c47\" data-element_type=\"column\" data-e-type=\"column\">\n\t\t\t<div class=\"elementor-widget-wrap elementor-element-populated\">\n\t\t\t\t\t\t<div class=\"elementor-element elementor-element-a2c55ea elementor-position-top elementor-widget elementor-widget-image-box\" data-id=\"a2c55ea\" data-element_type=\"widget\" data-e-type=\"widget\" data-widget_type=\"image-box.default\">\n\t\t\t\t<div class=\"elementor-widget-container\">\n\t\t\t\t\t<div class=\"elementor-image-box-wrapper\"><figure class=\"elementor-image-box-img\"><a href=\"https:\/\/www.linkedin.com\/in\/sofia-jervis-8b8341123\" target=\"_blank\" tabindex=\"-1\"><img decoding=\"async\" width=\"700\" height=\"700\" src=\"https:\/\/back2basics.web.ua.pt\/wp-content\/uploads\/2022\/10\/sofiajervis.jpg\" class=\"elementor-animation-shrink attachment-full size-full wp-image-2283\" alt=\"\" srcset=\"https:\/\/back2basics.web.ua.pt\/wp-content\/uploads\/2022\/10\/sofiajervis.jpg 700w, https:\/\/back2basics.web.ua.pt\/wp-content\/uploads\/2022\/10\/sofiajervis-300x300.jpg 300w, https:\/\/back2basics.web.ua.pt\/wp-content\/uploads\/2022\/10\/sofiajervis-150x150.jpg 150w\" sizes=\"(max-width: 700px) 100vw, 700px\" \/><\/a><\/figure><div class=\"elementor-image-box-content\"><h4 class=\"elementor-image-box-title\"><a href=\"https:\/\/www.linkedin.com\/in\/sofia-jervis-8b8341123\" target=\"_blank\">Sofia Jervis<\/a><\/h4><\/div><\/div>\t\t\t\t<\/div>\n\t\t\t\t<\/div>\n\t\t\t\t\t<\/div>\n\t\t<\/div>\n\t\t\t\t<div class=\"elementor-column elementor-col-33 elementor-inner-column elementor-element elementor-element-3915f8d0\" data-id=\"3915f8d0\" data-element_type=\"column\" data-e-type=\"column\">\n\t\t\t<div class=\"elementor-widget-wrap elementor-element-populated\">\n\t\t\t\t\t\t<div class=\"elementor-element elementor-element-6cb6bf0c elementor-position-top elementor-widget elementor-widget-image-box\" data-id=\"6cb6bf0c\" data-element_type=\"widget\" data-e-type=\"widget\" data-widget_type=\"image-box.default\">\n\t\t\t\t<div class=\"elementor-widget-container\">\n\t\t\t\t\t<div class=\"elementor-image-box-wrapper\"><figure class=\"elementor-image-box-img\"><a href=\"https:\/\/www.linkedin.com\/in\/daniela-salazar-simoes-700b48a7\" target=\"_blank\" tabindex=\"-1\"><img decoding=\"async\" width=\"334\" height=\"334\" src=\"https:\/\/back2basics.web.ua.pt\/wp-content\/uploads\/2023\/02\/1588152626538.jpg\" class=\"elementor-animation-shrink attachment-full size-full wp-image-3048\" alt=\"\" srcset=\"https:\/\/back2basics.web.ua.pt\/wp-content\/uploads\/2023\/02\/1588152626538.jpg 334w, https:\/\/back2basics.web.ua.pt\/wp-content\/uploads\/2023\/02\/1588152626538-300x300.jpg 300w, https:\/\/back2basics.web.ua.pt\/wp-content\/uploads\/2023\/02\/1588152626538-150x150.jpg 150w\" sizes=\"(max-width: 334px) 100vw, 334px\" \/><\/a><\/figure><div class=\"elementor-image-box-content\"><h4 class=\"elementor-image-box-title\"><a href=\"https:\/\/www.linkedin.com\/in\/daniela-salazar-simoes-700b48a7\" target=\"_blank\">Daniela Salazar Sim\u00f5es<\/a><\/h4><\/div><\/div>\t\t\t\t<\/div>\n\t\t\t\t<\/div>\n\t\t\t\t\t<\/div>\n\t\t<\/div>\n\t\t\t\t<div class=\"elementor-column elementor-col-33 elementor-inner-column elementor-element elementor-element-4a789715\" data-id=\"4a789715\" data-element_type=\"column\" data-e-type=\"column\">\n\t\t\t<div class=\"elementor-widget-wrap\">\n\t\t\t\t\t\t\t<\/div>\n\t\t<\/div>\n\t\t\t\t\t<\/div>\n\t\t<\/section>\n\t\t\t\t\t<\/div>\n\t\t<\/div>\n\t\t\t\t<div class=\"elementor-column elementor-col-33 elementor-top-column elementor-element elementor-element-342d20e1\" data-id=\"342d20e1\" data-element_type=\"column\" data-e-type=\"column\">\n\t\t\t<div class=\"elementor-widget-wrap\">\n\t\t\t\t\t\t\t<\/div>\n\t\t<\/div>\n\t\t\t\t\t<\/div>\n\t\t<\/section>\n\t\t\t\t<\/div>\n\t\t","protected":false},"excerpt":{"rendered":"<p>Associa\u00e7\u00e3o Bioliving Associa\u00e7\u00e3o BioLiving is an award-winning non-profit NGO and&hellip;<\/p>\n<p> <a class=\"more-link\" href=\"https:\/\/back2basics.web.ua.pt\/?page_id=2253\">Read more<\/a><\/p>\n","protected":false},"author":4,"featured_media":0,"parent":0,"menu_order":0,"comment_status":"closed","ping_status":"closed","template":"elementor_header_footer","meta":{"footnotes":""},"class_list":["post-2253","page","type-page","status-publish"],"yoast_head":"<!-- This site is optimized with the Yoast SEO plugin v26.8 - https:\/\/yoast.com\/product\/yoast-seo-wordpress\/ -->\r\n<title>Bioliving - Back2Basics<\/title>\r\n<meta name=\"robots\" content=\"index, follow, max-snippet:-1, max-image-preview:large, max-video-preview:-1\" \/>\r\n<link rel=\"canonical\" href=\"https:\/\/back2basics.web.ua.pt\/?page_id=2253\" \/>\r\n<meta property=\"og:locale\" content=\"en_GB\" \/>\r\n<meta property=\"og:type\" content=\"article\" \/>\r\n<meta property=\"og:title\" content=\"Bioliving - Back2Basics\" \/>\r\n<meta property=\"og:description\" content=\"Associa\u00e7\u00e3o Bioliving Associa\u00e7\u00e3o BioLiving is an award-winning non-profit NGO and&hellip;  Read more\" \/>\r\n<meta property=\"og:url\" content=\"https:\/\/back2basics.web.ua.pt\/?page_id=2253\" \/>\r\n<meta property=\"og:site_name\" content=\"Back2Basics\" \/>\r\n<meta property=\"article:modified_time\" content=\"2023-02-21T18:58:27+00:00\" \/>\r\n<meta property=\"og:image\" content=\"http:\/\/back2basics.web.ua.pt\/wp-content\/uploads\/2022\/07\/logotipo-BioLIVING.png\" \/>\r\n<meta name=\"twitter:card\" content=\"summary_large_image\" \/>\r\n<meta name=\"twitter:label1\" content=\"Estimated reading time\" \/>\n\t<meta name=\"twitter:data1\" content=\"2 minutes\" \/>\r\n<script type=\"application\/ld+json\" class=\"yoast-schema-graph\">{\"@context\":\"https:\/\/schema.org\",\"@graph\":[{\"@type\":\"WebPage\",\"@id\":\"https:\/\/back2basics.web.ua.pt\/?page_id=2253\",\"url\":\"https:\/\/back2basics.web.ua.pt\/?page_id=2253\",\"name\":\"Bioliving - Back2Basics\",\"isPartOf\":{\"@id\":\"https:\/\/back2basics.web.ua.pt\/#website\"},\"primaryImageOfPage\":{\"@id\":\"https:\/\/back2basics.web.ua.pt\/?page_id=2253#primaryimage\"},\"image\":{\"@id\":\"https:\/\/back2basics.web.ua.pt\/?page_id=2253#primaryimage\"},\"thumbnailUrl\":\"http:\/\/back2basics.web.ua.pt\/wp-content\/uploads\/2022\/07\/logotipo-BioLIVING.png\",\"datePublished\":\"2022-10-24T15:33:29+00:00\",\"dateModified\":\"2023-02-21T18:58:27+00:00\",\"breadcrumb\":{\"@id\":\"https:\/\/back2basics.web.ua.pt\/?page_id=2253#breadcrumb\"},\"inLanguage\":\"en-GB\",\"potentialAction\":[{\"@type\":\"ReadAction\",\"target\":[\"https:\/\/back2basics.web.ua.pt\/?page_id=2253\"]}]},{\"@type\":\"ImageObject\",\"inLanguage\":\"en-GB\",\"@id\":\"https:\/\/back2basics.web.ua.pt\/?page_id=2253#primaryimage\",\"url\":\"https:\/\/back2basics.web.ua.pt\/wp-content\/uploads\/2022\/07\/logotipo-BioLIVING.png\",\"contentUrl\":\"https:\/\/back2basics.web.ua.pt\/wp-content\/uploads\/2022\/07\/logotipo-BioLIVING.png\",\"width\":940,\"height\":940},{\"@type\":\"BreadcrumbList\",\"@id\":\"https:\/\/back2basics.web.ua.pt\/?page_id=2253#breadcrumb\",\"itemListElement\":[{\"@type\":\"ListItem\",\"position\":1,\"name\":\"Home\",\"item\":\"https:\/\/back2basics.web.ua.pt\/\"},{\"@type\":\"ListItem\",\"position\":2,\"name\":\"Bioliving\"}]},{\"@type\":\"WebSite\",\"@id\":\"https:\/\/back2basics.web.ua.pt\/#website\",\"url\":\"https:\/\/back2basics.web.ua.pt\/\",\"name\":\"Back2Basics\",\"description\":\"Bridging the gap between higher education and labor market by fostering digital skills\",\"publisher\":{\"@id\":\"https:\/\/back2basics.web.ua.pt\/#organization\"},\"potentialAction\":[{\"@type\":\"SearchAction\",\"target\":{\"@type\":\"EntryPoint\",\"urlTemplate\":\"https:\/\/back2basics.web.ua.pt\/?s={search_term_string}\"},\"query-input\":{\"@type\":\"PropertyValueSpecification\",\"valueRequired\":true,\"valueName\":\"search_term_string\"}}],\"inLanguage\":\"en-GB\"},{\"@type\":\"Organization\",\"@id\":\"https:\/\/back2basics.web.ua.pt\/#organization\",\"name\":\"Back2Basics Project\",\"url\":\"https:\/\/back2basics.web.ua.pt\/\",\"logo\":{\"@type\":\"ImageObject\",\"inLanguage\":\"en-GB\",\"@id\":\"https:\/\/back2basics.web.ua.pt\/#\/schema\/logo\/image\/\",\"url\":\"http:\/\/back2basics.web.ua.pt\/wp-content\/uploads\/2022\/02\/b2b_6.jpg\",\"contentUrl\":\"http:\/\/back2basics.web.ua.pt\/wp-content\/uploads\/2022\/02\/b2b_6.jpg\",\"width\":2363,\"height\":2363,\"caption\":\"Back2Basics Project\"},\"image\":{\"@id\":\"https:\/\/back2basics.web.ua.pt\/#\/schema\/logo\/image\/\"}}]}<\/script>\r\n<!-- \/ Yoast SEO plugin. -->","yoast_head_json":{"title":"Bioliving - Back2Basics","robots":{"index":"index","follow":"follow","max-snippet":"max-snippet:-1","max-image-preview":"max-image-preview:large","max-video-preview":"max-video-preview:-1"},"canonical":"https:\/\/back2basics.web.ua.pt\/?page_id=2253","og_locale":"en_GB","og_type":"article","og_title":"Bioliving - Back2Basics","og_description":"Associa\u00e7\u00e3o Bioliving Associa\u00e7\u00e3o BioLiving is an award-winning non-profit NGO and&hellip;  Read more","og_url":"https:\/\/back2basics.web.ua.pt\/?page_id=2253","og_site_name":"Back2Basics","article_modified_time":"2023-02-21T18:58:27+00:00","og_image":[{"url":"http:\/\/back2basics.web.ua.pt\/wp-content\/uploads\/2022\/07\/logotipo-BioLIVING.png","type":"","width":"","height":""}],"twitter_card":"summary_large_image","twitter_misc":{"Estimated reading time":"2 minutes"},"schema":{"@context":"https:\/\/schema.org","@graph":[{"@type":"WebPage","@id":"https:\/\/back2basics.web.ua.pt\/?page_id=2253","url":"https:\/\/back2basics.web.ua.pt\/?page_id=2253","name":"Bioliving - Back2Basics","isPartOf":{"@id":"https:\/\/back2basics.web.ua.pt\/#website"},"primaryImageOfPage":{"@id":"https:\/\/back2basics.web.ua.pt\/?page_id=2253#primaryimage"},"image":{"@id":"https:\/\/back2basics.web.ua.pt\/?page_id=2253#primaryimage"},"thumbnailUrl":"http:\/\/back2basics.web.ua.pt\/wp-content\/uploads\/2022\/07\/logotipo-BioLIVING.png","datePublished":"2022-10-24T15:33:29+00:00","dateModified":"2023-02-21T18:58:27+00:00","breadcrumb":{"@id":"https:\/\/back2basics.web.ua.pt\/?page_id=2253#breadcrumb"},"inLanguage":"en-GB","potentialAction":[{"@type":"ReadAction","target":["https:\/\/back2basics.web.ua.pt\/?page_id=2253"]}]},{"@type":"ImageObject","inLanguage":"en-GB","@id":"https:\/\/back2basics.web.ua.pt\/?page_id=2253#primaryimage","url":"https:\/\/back2basics.web.ua.pt\/wp-content\/uploads\/2022\/07\/logotipo-BioLIVING.png","contentUrl":"https:\/\/back2basics.web.ua.pt\/wp-content\/uploads\/2022\/07\/logotipo-BioLIVING.png","width":940,"height":940},{"@type":"BreadcrumbList","@id":"https:\/\/back2basics.web.ua.pt\/?page_id=2253#breadcrumb","itemListElement":[{"@type":"ListItem","position":1,"name":"Home","item":"https:\/\/back2basics.web.ua.pt\/"},{"@type":"ListItem","position":2,"name":"Bioliving"}]},{"@type":"WebSite","@id":"https:\/\/back2basics.web.ua.pt\/#website","url":"https:\/\/back2basics.web.ua.pt\/","name":"Back2Basics","description":"Bridging the gap between higher education and labor market by fostering digital skills","publisher":{"@id":"https:\/\/back2basics.web.ua.pt\/#organization"},"potentialAction":[{"@type":"SearchAction","target":{"@type":"EntryPoint","urlTemplate":"https:\/\/back2basics.web.ua.pt\/?s={search_term_string}"},"query-input":{"@type":"PropertyValueSpecification","valueRequired":true,"valueName":"search_term_string"}}],"inLanguage":"en-GB"},{"@type":"Organization","@id":"https:\/\/back2basics.web.ua.pt\/#organization","name":"Back2Basics Project","url":"https:\/\/back2basics.web.ua.pt\/","logo":{"@type":"ImageObject","inLanguage":"en-GB","@id":"https:\/\/back2basics.web.ua.pt\/#\/schema\/logo\/image\/","url":"http:\/\/back2basics.web.ua.pt\/wp-content\/uploads\/2022\/02\/b2b_6.jpg","contentUrl":"http:\/\/back2basics.web.ua.pt\/wp-content\/uploads\/2022\/02\/b2b_6.jpg","width":2363,"height":2363,"caption":"Back2Basics Project"},"image":{"@id":"https:\/\/back2basics.web.ua.pt\/#\/schema\/logo\/image\/"}}]}},"_links":{"self":[{"href":"https:\/\/back2basics.web.ua.pt\/index.php?rest_route=\/wp\/v2\/pages\/2253","targetHints":{"allow":["GET"]}}],"collection":[{"href":"https:\/\/back2basics.web.ua.pt\/index.php?rest_route=\/wp\/v2\/pages"}],"about":[{"href":"https:\/\/back2basics.web.ua.pt\/index.php?rest_route=\/wp\/v2\/types\/page"}],"author":[{"embeddable":true,"href":"https:\/\/back2basics.web.ua.pt\/index.php?rest_route=\/wp\/v2\/users\/4"}],"replies":[{"embeddable":true,"href":"https:\/\/back2basics.web.ua.pt\/index.php?rest_route=%2Fwp%2Fv2%2Fcomments&post=2253"}],"version-history":[{"count":20,"href":"https:\/\/back2basics.web.ua.pt\/index.php?rest_route=\/wp\/v2\/pages\/2253\/revisions"}],"predecessor-version":[{"id":3057,"href":"https:\/\/back2basics.web.ua.pt\/index.php?rest_route=\/wp\/v2\/pages\/2253\/revisions\/3057"}],"wp:attachment":[{"href":"https:\/\/back2basics.web.ua.pt\/index.php?rest_route=%2Fwp%2Fv2%2Fmedia&parent=2253"}],"curies":[{"name":"wp","href":"https:\/\/api.w.org\/{rel}","templated":true}]}}